{"id":27,"date":"2020-12-03T21:54:59","date_gmt":"2020-12-03T20:54:59","guid":{"rendered":"https:\/\/depressions-abc.de\/?page_id=27"},"modified":"2025-08-19T08:55:38","modified_gmt":"2025-08-19T06:55:38","slug":"darf-ich-mich-vorstellen","status":"publish","type":"page","link":"https:\/\/depressions-abc.de\/","title":{"rendered":"Darf ich mich vorstellen?"},"content":{"rendered":"\n<p class=\"has-medium-font-size\">Mein Name ist Michael Sellhoff, meine Familie nennt mich \u00bb<a href=\"https:\/\/depressions-abc.de\/index\/dachs\/\" data-type=\"encyclopedia\" data-id=\"11\">Dachs<\/a>\u00ab, manchmal zeichnet sie den auch noch \u2013 gro\u00dfartig, oder?<\/p>\n\n\n\n<p class=\"has-medium-font-size\">Wenn ich nicht gerade hier vor mich hin buchstabiere, arbeite ich in der Kieler Universit\u00e4tsverwaltung und bin Lektor. Mehr dar\u00fcber finden Sie auf meiner pers\u00f6nlichen <a rel=\"noreferrer noopener\" href=\"https:\/\/michael-sellhoff.de\" target=\"_blank\">Webseite<\/a> und auch bei <a rel=\"noreferrer noopener\" href=\"https:\/\/www.xing.com\/profile\/Michael_Sellhoff\" target=\"_blank\">Xing<\/a> und <a rel=\"noreferrer noopener\" href=\"https:\/\/www.linkedin.com\/in\/michael-sellhoff\/\" target=\"_blank\">LinkedIn<\/a>.<\/p>\n\n\n\n<p class=\"has-medium-font-size\">Zum ABC geht es \u00fcber die <a href=\"https:\/\/depressions-abc.de\/?post_type=encyclopedia\" data-type=\"URL\" data-id=\"depressions-abc.de\/index\">Index<\/a>-Seite.<\/p>\n\n\n\n<p><\/p>\n","protected":false},"excerpt":{"rendered":"<p>Mein Name ist Michael Sellhoff, meine Familie nennt mich \u00bbDachs\u00ab, manchmal zeichnet sie den auch noch \u2013 gro\u00dfartig, oder? Wenn ich nicht gerade hier vor mich hin buchstabiere, arbeite ich in der Kieler Universit\u00e4tsverwaltung und bin Lektor. Mehr dar\u00fcber finden Sie auf meiner pers\u00f6nlichen Webseite und auch bei Xing und LinkedIn. Zum ABC geht es&hellip; <a class=\"more-link\" href=\"https:\/\/depressions-abc.de\/\"><span class=\"screen-reader-text\">Darf ich mich vorstellen?<\/span> weiterlesen<\/a><\/p>\n","protected":false},"author":1,"featured_media":28,"parent":0,"menu_order":0,"comment_status":"closed","ping_status":"closed","template":"","meta":{"footnotes":""},"class_list":["post-27","page","type-page","status-publish","has-post-thumbnail","hentry","entry"],"_links":{"self":[{"href":"https:\/\/depressions-abc.de\/index.php?rest_route=\/wp\/v2\/pages\/27","targetHints":{"allow":["GET"]}}],"collection":[{"href":"https:\/\/depressions-abc.de\/index.php?rest_route=\/wp\/v2\/pages"}],"about":[{"href":"https:\/\/depressions-abc.de\/index.php?rest_route=\/wp\/v2\/types\/page"}],"author":[{"embeddable":true,"href":"https:\/\/depressions-abc.de\/index.php?rest_route=\/wp\/v2\/users\/1"}],"replies":[{"embeddable":true,"href":"https:\/\/depressions-abc.de\/index.php?rest_route=%2Fwp%2Fv2%2Fcomments&post=27"}],"version-history":[{"count":9,"href":"https:\/\/depressions-abc.de\/index.php?rest_route=\/wp\/v2\/pages\/27\/revisions"}],"predecessor-version":[{"id":279,"href":"https:\/\/depressions-abc.de\/index.php?rest_route=\/wp\/v2\/pages\/27\/revisions\/279"}],"wp:featuredmedia":[{"embeddable":true,"href":"https:\/\/depressions-abc.de\/index.php?rest_route=\/wp\/v2\/media\/28"}],"wp:attachment":[{"href":"https:\/\/depressions-abc.de\/index.php?rest_route=%2Fwp%2Fv2%2Fmedia&parent=27"}],"curies":[{"name":"wp","href":"https:\/\/api.w.org\/{rel}","templated":true}]}}